{"id":16959,"date":"2025-02-10T14:33:07","date_gmt":"2025-02-10T14:33:07","guid":{"rendered":"https:\/\/noblish.com\/shop\/?post_type=product&#038;p=16959"},"modified":"2025-02-10T14:48:15","modified_gmt":"2025-02-10T14:48:15","slug":"fiberfinish-entgrater-fuer-cfk-gfk","status":"publish","type":"product","link":"https:\/\/noblish.com\/shop\/product\/fiberfinish-entgrater-fuer-cfk-gfk\/","title":{"rendered":"FiberFinish \u2013 Keramik Entgrater f\u00fcr CFK &#038; GFK"},"content":{"rendered":"\t\t<div data-elementor-type=\"wp-post\" data-elementor-id=\"16959\" class=\"elementor elementor-16959\">\n\t\t\t\t<div class=\"wd-negative-gap elementor-element elementor-element-581cc4e e-flex e-con-boxed e-con e-parent\" data-id=\"581cc4e\" data-element_type=\"container\" data-e-type=\"container\">\n\t\t\t\t\t<div class=\"e-con-inner\">\n\t\t\t\t<div class=\"elementor-element elementor-element-69d5d04 elementor-widget elementor-widget-wd_text_block\" data-id=\"69d5d04\" data-element_type=\"widget\" data-e-type=\"widget\" data-widget_type=\"wd_text_block.default\">\n\t\t\t\t<div class=\"elementor-widget-container\">\n\t\t\t\t\t\t\t<div class=\"wd-text-block reset-last-child text-left\">\n\t\t\t\n\t\t\t<p>Das <strong>Keramikmesser f\u00fcr Entgratarbeiten<\/strong> von Mouldpro ist die ideale L\u00f6sung f\u00fcr pr\u00e4zise und materialschonende Nachbearbeitung von anspruchsvollen Werkstoffen. Besonders bei <strong>abrasiven Materialien<\/strong> wie <strong>CFK (kohlefaserverst\u00e4rktem Kunststoff)<\/strong> und <strong>GFK (glasfaserverst\u00e4rktem Kunststoff)<\/strong> \u00fcberzeugt die hochwertige Keramikklinge durch ihre extreme H\u00e4rte (1250 HV) und Langlebigkeit. W\u00e4hrend herk\u00f6mmliche Metallklingen schnell verschlei\u00dfen oder das empfindliche Material besch\u00e4digen, bleibt die Keramikklinge standfest und sorgt f\u00fcr saubere Schnittkanten.<\/p><p>Dank des konvexen Klingenprofils erreicht das Messer auch schwer zug\u00e4ngliche Stellen und erm\u00f6glicht exakte Entgratarbeiten bei komplexen Bauteilen \u2013 ideal f\u00fcr die Luftfahrt, den Motorsport, den Formenbau oder andere High-Tech-Anwendungen. Neben Carbon und Faserverbundwerkstoffen eignet sich das Keramikmesser auch hervorragend f\u00fcr <strong>Weichmetalle wie Aluminium, Kupfer oder Messing<\/strong>.<\/p><h3><strong>Vorteile auf einen Blick:<\/strong><\/h3><p>\u2714 Perfekt f\u00fcr CFK, GFK &amp; hochfeste Kunststoffe<br>\u2714 Verschlei\u00dfarme, langlebige Keramikklinge (1250 HV)<br>\u2714 Materialschonend: keine Besch\u00e4digung der Oberfl\u00e4che<br>\u2714 Pr\u00e4zises Arbeiten, auch bei komplizierten Bauteilen<br>\u2714 Geeignet f\u00fcr Weichmetalle wie Aluminium &amp; Kupfer<\/p><p>Egal ob f\u00fcr den <strong>3D-Druck<\/strong>, den <strong>Modellbau<\/strong>, die <strong>Luft- und Raumfahrtindustrie<\/strong> oder den <strong>Spritzgusswerkzeugbau<\/strong> \u2013 dieses Keramikmesser ist das unverzichtbare Werkzeug f\u00fcr alle, die Wert auf h\u00f6chste Pr\u00e4zision legen.<\/p><p>Jetzt <strong>Keramikmesser f\u00fcr Entgratarbeiten<\/strong> kaufen und CFK-Teile perfekt nachbearbeiten! <\/p>\n\t\t\t\t\t<\/div>\n\t\t\t\t\t\t<\/div>\n\t\t\t\t<\/div>\n\t\t\t\t\t<\/div>\n\t\t\t\t<\/div>\n\t\t\t\t<\/div>\n\t\t","protected":false},"excerpt":{"rendered":"<p><strong>CFK &amp; GFK pr\u00e4zise entgraten!<\/strong> Das <strong>Keramikmesser f\u00fcr Entgratarbeiten<\/strong> entfernt m\u00fchelos Grate von abrasiven Materialien wie <strong>CFK und GFK<\/strong>, ohne die Oberfl\u00e4che zu besch\u00e4digen. Die extrem harte <strong>Keramikklinge (1250 HV)<\/strong> sorgt f\u00fcr saubere Schnittkanten und eignet sich auch f\u00fcr <strong>Aluminium, Kupfer und Messing<\/strong>. Ideal f\u00fcr pr\u00e4zise Nachbearbeitung und schwer zug\u00e4ngliche Stellen!<\/p>\n","protected":false},"featured_media":16967,"template":"","meta":[],"product_brand":[],"product_cat":[126],"product_tag":[],"class_list":{"0":"post-16959","1":"product","2":"type-product","3":"status-publish","4":"has-post-thumbnail","6":"product_cat-keramik-entgrater","8":"first","9":"instock","10":"taxable","11":"shipping-taxable","12":"purchasable","13":"product-type-simple"},"jetpack_sharing_enabled":true,"_links":{"self":[{"href":"https:\/\/noblish.com\/shop\/wp-json\/wp\/v2\/product\/16959","targetHints":{"allow":["GET"]}}],"collection":[{"href":"https:\/\/noblish.com\/shop\/wp-json\/wp\/v2\/product"}],"about":[{"href":"https:\/\/noblish.com\/shop\/wp-json\/wp\/v2\/types\/product"}],"version-history":[{"count":6,"href":"https:\/\/noblish.com\/shop\/wp-json\/wp\/v2\/product\/16959\/revisions"}],"predecessor-version":[{"id":16966,"href":"https:\/\/noblish.com\/shop\/wp-json\/wp\/v2\/product\/16959\/revisions\/16966"}],"wp:featuredmedia":[{"embeddable":true,"href":"https:\/\/noblish.com\/shop\/wp-json\/wp\/v2\/media\/16967"}],"wp:attachment":[{"href":"https:\/\/noblish.com\/shop\/wp-json\/wp\/v2\/media?parent=16959"}],"wp:term":[{"taxonomy":"product_brand","embeddable":true,"href":"https:\/\/noblish.com\/shop\/wp-json\/wp\/v2\/product_brand?post=16959"},{"taxonomy":"product_cat","embeddable":true,"href":"https:\/\/noblish.com\/shop\/wp-json\/wp\/v2\/product_cat?post=16959"},{"taxonomy":"product_tag","embeddable":true,"href":"https:\/\/noblish.com\/shop\/wp-json\/wp\/v2\/product_tag?post=16959"}],"curies":[{"name":"wp","href":"https:\/\/api.w.org\/{rel}","templated":true}]}}