{"id":16589,"date":"2024-10-21T07:12:45","date_gmt":"2024-10-21T07:12:45","guid":{"rendered":"https:\/\/noblish.com\/shop\/?post_type=product&#038;p=16589"},"modified":"2025-02-11T14:09:49","modified_gmt":"2025-02-11T14:09:49","slug":"key-organizer-fuer-alle-schluessel","status":"publish","type":"product","link":"https:\/\/noblish.com\/shop\/product\/key-organizer-fuer-alle-schluessel\/","title":{"rendered":"Key Organizer f\u00fcr alle Schl\u00fcssel"},"content":{"rendered":"<ul class=\"a-unordered-list a-vertical a-spacing-small\">\n<li><span class=\"a-list-item a-size-base a-color-base\">FUNKTIONALIT\u00c4T: Der Schl\u00fcsselbund Organizer verstaut alle Schl\u00fcssel platzsparend und elegant. Die Zugfestigkeit ist individuell einstellbar, ohne l\u00e4stiges Nachjustieren. Der Adapter verbindet den echt Carbon Key Organizer mit einem Schl\u00fcsselanh\u00e4nger, Keychain, Schl\u00fcsselring, Flaschen\u00f6ffner, oder deinem Autoschl\u00fcssel.<\/span><\/li>\n<\/ul>\n<ul class=\"a-unordered-list a-vertical a-spacing-small\">\n<li><span class=\"a-list-item a-size-base a-color-base\">QUALIT\u00c4T: Hand geschliffene, gerundete und mit Leder polierte Schnittkanten. Dein Premium Schl\u00fcssel Manager, Made in Germany. Ma\u00dfgefertigte Edelstahl Verschraubung und hochwertige Kohlenstoff Faser aus der Luft- und Raumfahrttechnik oder Formel 1.<\/span><\/li>\n<\/ul>\n<ul class=\"a-unordered-list a-vertical a-spacing-small\">\n<li><span class=\"a-list-item a-size-base a-color-base\">ZEITLOSES DESIGN: Ohne scharfe Kanten. Die einseitige Lasche erm\u00f6glicht blinde Orientierung &#8211; so findest du immer den richtigen Schl\u00fcssel. Weitere Modelle der Schl\u00fcsseltasche verf\u00fcgbar. Auch erweiterbar mit Technik Gadgets wie z.B Einkaufswagenl\u00f6ser oder einem USB Stick,<\/span><\/li>\n<\/ul>\n<ul class=\"a-unordered-list a-vertical a-spacing-small\">\n<li><span class=\"a-list-item a-size-base a-color-base\">EDLE GESCHENKBOX: Ein Key Holder als individuelles Geschenk zu jedem Anlass. Als Geschenk Fu\u0308r M\u00e4nner und Frauen, Kinder und Jugendliche. Perfekt als Geschenk zum Geburtstag, Geschenk zum F\u00fchrerschein, Vatertag, Valentinstag, Jahrestag oder zu Weihnachten.<\/span><\/li>\n<\/ul>\n<ul class=\"a-unordered-list a-vertical a-spacing-small\">\n<li><span class=\"a-list-item a-size-base a-color-base\">ZUFRIEDENHEIT: Deine Zufriedenheit ist uns wichtig. Wir liefern unseren Schl\u00fcsselorganizer mit einer ausf\u00fchrlichen Anleitung und Live Support, solltest du Hilfe bei der Montage ben\u00f6tigen kannst du uns einfach kontaktieren. Wir k\u00fcmmern uns schnell und unkompliziert um Dich und Dein Anliegen.<\/span><\/li>\n<\/ul>\n","protected":false},"excerpt":{"rendered":"<ul class=\"a-unordered-list a-vertical a-spacing-small\">\n<li><span class=\"a-list-item a-size-base a-color-base\">Der Schl\u00fcsselbund Organizer verstaut alle Schl\u00fcssel platzsparend und elegant. Die Zugfestigkeit ist individuell einstellbar, ohne l\u00e4stiges Nachjustieren. Der Adapter verbindet den echt Carbon Key Organizer mit einem Schl\u00fcsselanh\u00e4nger, Keychain, Schl\u00fcsselring, Flaschen\u00f6ffner, oder deinem Autoschl\u00fcssel.<\/span><\/li>\n<\/ul>\n<ul class=\"a-unordered-list a-vertical a-spacing-small\">\n<li><span class=\"a-list-item a-size-base a-color-base\">Hand geschliffene, gerundete und mit Leder polierte Schnittkanten. Dein Premium Schl\u00fcssel Manager, Made in Germany. Ma\u00dfgefertigte Edelstahl Verschraubung und hochwertige Kohlenstoff Faser aus der Luft- und Raumfahrttechnik oder Formel 1.<\/span><\/li>\n<\/ul>\n","protected":false},"featured_media":16590,"template":"","meta":[],"product_brand":[],"product_cat":[128,127],"product_tag":[],"class_list":{"0":"post-16589","1":"product","2":"type-product","3":"status-publish","4":"has-post-thumbnail","6":"product_cat-key-organizer","7":"product_cat-lifestyle","9":"first","10":"instock","11":"sale","12":"taxable","13":"shipping-taxable","14":"purchasable","15":"product-type-simple"},"jetpack_sharing_enabled":true,"_links":{"self":[{"href":"https:\/\/noblish.com\/shop\/wp-json\/wp\/v2\/product\/16589","targetHints":{"allow":["GET"]}}],"collection":[{"href":"https:\/\/noblish.com\/shop\/wp-json\/wp\/v2\/product"}],"about":[{"href":"https:\/\/noblish.com\/shop\/wp-json\/wp\/v2\/types\/product"}],"version-history":[{"count":2,"href":"https:\/\/noblish.com\/shop\/wp-json\/wp\/v2\/product\/16589\/revisions"}],"predecessor-version":[{"id":16624,"href":"https:\/\/noblish.com\/shop\/wp-json\/wp\/v2\/product\/16589\/revisions\/16624"}],"wp:featuredmedia":[{"embeddable":true,"href":"https:\/\/noblish.com\/shop\/wp-json\/wp\/v2\/media\/16590"}],"wp:attachment":[{"href":"https:\/\/noblish.com\/shop\/wp-json\/wp\/v2\/media?parent=16589"}],"wp:term":[{"taxonomy":"product_brand","embeddable":true,"href":"https:\/\/noblish.com\/shop\/wp-json\/wp\/v2\/product_brand?post=16589"},{"taxonomy":"product_cat","embeddable":true,"href":"https:\/\/noblish.com\/shop\/wp-json\/wp\/v2\/product_cat?post=16589"},{"taxonomy":"product_tag","embeddable":true,"href":"https:\/\/noblish.com\/shop\/wp-json\/wp\/v2\/product_tag?post=16589"}],"curies":[{"name":"wp","href":"https:\/\/api.w.org\/{rel}","templated":true}]}}