{"id":16336,"date":"2024-04-07T17:43:46","date_gmt":"2024-04-07T17:43:46","guid":{"rendered":"https:\/\/noblish.com\/shop\/?post_type=product&#038;p=16336"},"modified":"2025-02-12T09:03:34","modified_gmt":"2025-02-12T09:03:34","slug":"einkaufswagenloser-3er","status":"publish","type":"product","link":"https:\/\/noblish.com\/shop\/product\/einkaufswagenloser-3er\/","title":{"rendered":"Einkaufswagenl\u00f6ser &#8211; Schl\u00fcsselanh\u00e4nger aus Carbon 3er Ser"},"content":{"rendered":"<p data-start=\"539\" data-end=\"594\"><strong data-start=\"539\" data-end=\"592\">Tripple Carbon \u2013 Komfort f\u00fcr unterwegs!<\/strong><\/p>\n<p data-start=\"596\" data-end=\"964\">Dieses <strong data-start=\"603\" data-end=\"654\">Set aus 3 Einkaufswagenl\u00f6sern aus echtem Carbon<\/strong> steht f\u00fcr <strong data-start=\"665\" data-end=\"732\">hochwertige Verarbeitung, modernes Design und h\u00f6chste Pr\u00e4zision<\/strong>. Dank modernster <strong data-start=\"750\" data-end=\"767\">CNC-Fertigung<\/strong> sind beide L\u00f6ser exakt gearbeitet und verf\u00fcgen \u00fcber eine <strong data-start=\"825\" data-end=\"849\">makellose Oberfl\u00e4che<\/strong>. Das <strong data-start=\"855\" data-end=\"874\">Carbon-Material<\/strong> ist extrem leicht, widerstandsf\u00e4hig und langlebig \u2013 perfekt f\u00fcr den t\u00e4glichen Gebrauch.<\/p>\n<p data-start=\"966\" data-end=\"1282\">Mit diesen <strong data-start=\"977\" data-end=\"1004\">zwei Einkaufswagenchips<\/strong> sind Sie immer vorbereitet \u2013 ideal als Ersatz oder zum Teilen mit Familie und Freunden. Die L\u00f6ser entriegeln Einkaufswagen zuverl\u00e4ssig, ohne dass eine M\u00fcnze oder ein Plastikchip n\u00f6tig ist. Der <strong data-start=\"1198\" data-end=\"1227\">hochwertige Schl\u00fcsselring<\/strong> sorgt f\u00fcr eine sichere Befestigung am Schl\u00fcsselbund.<\/p>\n<h3 data-start=\"1284\" data-end=\"1319\"><strong data-start=\"1288\" data-end=\"1317\">Vorteile auf einen Blick:<\/strong><\/h3>\n<p data-start=\"1320\" data-end=\"1631\">\u2714 3<strong data-start=\"1322\" data-end=\"1395\">x Einkaufswagenl\u00f6ser aus echtem Carbon \u2013 ultraleicht &amp; extrem robust<\/strong><br data-start=\"1395\" data-end=\"1398\" \/>\u2714 <strong data-start=\"1400\" data-end=\"1466\">Pr\u00e4zise CNC-gefertigt \u2013 exakte Passform &amp; makellose Oberfl\u00e4che<\/strong><br data-start=\"1466\" data-end=\"1469\" \/>\u2714 <strong data-start=\"1471\" data-end=\"1520\">Einkaufswagen entriegeln ohne M\u00fcnze oder Chip<\/strong><br data-start=\"1520\" data-end=\"1523\" \/>\u2714 <strong data-start=\"1525\" data-end=\"1560\">Edles Design &amp; angenehme Haptik<\/strong><br data-start=\"1560\" data-end=\"1563\" \/>\u2714 <strong data-start=\"1565\" data-end=\"1629\">Inklusive hochwertigem Schl\u00fcsselring f\u00fcr sichere Befestigung<\/strong><\/p>\n<p data-start=\"1633\" data-end=\"1719\" data-is-last-node=\"\">Das perfekte Set f\u00fcr <strong data-start=\"1654\" data-end=\"1716\">Carbon-Fans, die Wert auf Qualit\u00e4t &amp; Funktionalit\u00e4t legen!<\/strong> \ud83d\ude80<\/p>\n","protected":false},"excerpt":{"rendered":"<p><strong data-start=\"64\" data-end=\"117\">Dreifache Pr\u00e4zision \u2013 CNC-gefertigt &amp; ultraleicht!<\/strong> Dieses <strong data-start=\"125\" data-end=\"176\">Set aus 3 Einkaufswagenl\u00f6sern aus echtem Carbon<\/strong> \u00fcberzeugt mit edler Optik und h\u00f6chster Fertigungsqualit\u00e4t. Dank <strong data-start=\"241\" data-end=\"269\">pr\u00e4ziser CNC-Bearbeitung<\/strong> sind die L\u00f6ser <strong data-start=\"285\" data-end=\"324\">passgenau, robust und extrem leicht<\/strong>. Perfekt f\u00fcr den Schl\u00fcsselbund \u2013 Einkaufswagen entriegeln, ganz ohne M\u00fcnze! Inklusive <strong data-start=\"411\" data-end=\"441\">hochwertigem Schl\u00fcsselring<\/strong> f\u00fcr sichere Befestigung.<\/p>\n","protected":false},"featured_media":16260,"template":"","meta":[],"product_brand":[],"product_cat":[129],"product_tag":[],"class_list":{"0":"post-16336","1":"product","2":"type-product","3":"status-publish","4":"has-post-thumbnail","6":"product_cat-einkaufswagenloser","8":"first","9":"instock","10":"sale","11":"taxable","12":"shipping-taxable","13":"purchasable","14":"product-type-simple"},"jetpack_sharing_enabled":true,"_links":{"self":[{"href":"https:\/\/noblish.com\/shop\/wp-json\/wp\/v2\/product\/16336","targetHints":{"allow":["GET"]}}],"collection":[{"href":"https:\/\/noblish.com\/shop\/wp-json\/wp\/v2\/product"}],"about":[{"href":"https:\/\/noblish.com\/shop\/wp-json\/wp\/v2\/types\/product"}],"version-history":[{"count":3,"href":"https:\/\/noblish.com\/shop\/wp-json\/wp\/v2\/product\/16336\/revisions"}],"predecessor-version":[{"id":17029,"href":"https:\/\/noblish.com\/shop\/wp-json\/wp\/v2\/product\/16336\/revisions\/17029"}],"wp:featuredmedia":[{"embeddable":true,"href":"https:\/\/noblish.com\/shop\/wp-json\/wp\/v2\/media\/16260"}],"wp:attachment":[{"href":"https:\/\/noblish.com\/shop\/wp-json\/wp\/v2\/media?parent=16336"}],"wp:term":[{"taxonomy":"product_brand","embeddable":true,"href":"https:\/\/noblish.com\/shop\/wp-json\/wp\/v2\/product_brand?post=16336"},{"taxonomy":"product_cat","embeddable":true,"href":"https:\/\/noblish.com\/shop\/wp-json\/wp\/v2\/product_cat?post=16336"},{"taxonomy":"product_tag","embeddable":true,"href":"https:\/\/noblish.com\/shop\/wp-json\/wp\/v2\/product_tag?post=16336"}],"curies":[{"name":"wp","href":"https:\/\/api.w.org\/{rel}","templated":true}]}}